{"id":257,"date":"2024-03-30T00:04:27","date_gmt":"2024-03-30T00:04:27","guid":{"rendered":"https:\/\/chaimite.pt\/?page_id=257"},"modified":"2026-04-14T23:22:32","modified_gmt":"2026-04-14T23:22:32","slug":"cervejas","status":"publish","type":"page","link":"https:\/\/chaimite.pt\/index.php\/cervejas\/","title":{"rendered":"Cervejas"},"content":{"rendered":"\n<h1 id=\"wp-block-themeisle-blocks-advanced-heading-3ca0721e\" class=\"wp-block-themeisle-blocks-advanced-heading wp-block-themeisle-blocks-advanced-heading-3ca0721e\"><strong>AS NOSSAS CERVEJAS<\/strong><\/h1>\n\n\n\n<section id=\"wp-block-themeisle-blocks-advanced-columns-e0e1ab2e\" class=\"wp-block-themeisle-blocks-advanced-columns has-3-columns has-desktop-equal-layout has-tablet-equal-layout has-mobile-collapsedRows-layout has-vertical-flex-start ticss-7b5eb70a\"><div class=\"wp-block-themeisle-blocks-advanced-columns-overlay\"><\/div><div class=\"innerblocks-wrap\">\n<div id=\"wp-block-themeisle-blocks-advanced-column-a8782dc5\" class=\"wp-block-themeisle-blocks-advanced-column\">\n<h4 id=\"wp-block-themeisle-blocks-advanced-heading-a9e24f92\" class=\"wp-block-themeisle-blocks-advanced-heading wp-block-themeisle-blocks-advanced-heading-a9e24f92\"><strong>ABRIL &#8211; PALE ALE<\/strong> 2024<\/h4>\n\n\n\n<figure class=\"wp-block-image aligncenter size-full is-resized\"><img loading=\"lazy\" decoding=\"async\" width=\"400\" height=\"1000\" src=\"https:\/\/chaimite.pt\/wp-content\/uploads\/2024\/05\/CAIXAS-250-x-250-px-100-x-100-px-1.jpg\" alt=\"\" class=\"wp-image-1116\" style=\"width:120px;height:auto\" srcset=\"https:\/\/chaimite.pt\/wp-content\/uploads\/2024\/05\/CAIXAS-250-x-250-px-100-x-100-px-1.jpg 400w, https:\/\/chaimite.pt\/wp-content\/uploads\/2024\/05\/CAIXAS-250-x-250-px-100-x-100-px-1-120x300.jpg 120w\" sizes=\"auto, (max-width: 400px) 100vw, 400px\" \/><\/figure>\n\n\n\n<p id=\"wp-block-themeisle-blocks-advanced-heading-61a9c556\" class=\"wp-block-themeisle-blocks-advanced-heading wp-block-themeisle-blocks-advanced-heading-61a9c556\"><em><strong>CERVEJA ESPECIAL<\/strong><br><strong>ESTILO:<\/strong> PALE ALE<br><strong>TEOR DE \u00c1LCOOL:<\/strong> 5,7%<br><strong>IBU:<\/strong> 25<br><strong>EBC: <\/strong>12<\/em><br><em><em><strong>FORMATO: <\/strong><em>Garrafa<\/em>\u00a033 cl<\/em><\/em><\/p>\n\n\n\n<p><em><strong>DESCRI\u00c7\u00c3O<\/strong><br><em>A Abril Pale Ale \u00e9 a nossa cerveja de lan\u00e7amento, comemorativa do 50\u00ba anivers\u00e1rio do 25 de abril de 1974.<br>Apresenta uma cor que varia entre o dourado e o cobre. No palato \u00e9 leve, com ligeira presen\u00e7a de \u00e9steres, notas picantes e florais. O amargor est\u00e1 presente, mas \u00e9 equilibrado. Teve adi\u00e7\u00e3o <\/em>de cravos vermelhos.*<\/em><\/p>\n\n\n\n<span id=\"wp-block-themeisle-blocks-advanced-heading-be04a24c\" class=\"wp-block-themeisle-blocks-advanced-heading wp-block-themeisle-blocks-advanced-heading-be04a24c\"><em>*<a href=\"https:\/\/chaimite.pt\/index.php\/sobre-nos\/#historia\" target=\"_blank\" rel=\"noreferrer noopener\">cultivados pela CHAIMITE<\/a>, sem uso de fungicidas, pesticidas, inseticidas ou herbicidas.<\/em><\/span>\n<\/div>\n\n\n\n<div id=\"wp-block-themeisle-blocks-advanced-column-d003fe8b\" class=\"wp-block-themeisle-blocks-advanced-column\">\n<h4 id=\"wp-block-themeisle-blocks-advanced-heading-d97466b2\" class=\"wp-block-themeisle-blocks-advanced-heading wp-block-themeisle-blocks-advanced-heading-d97466b2\"><strong>ABRIL &#8211; PALE ALE<\/strong> 2026<\/h4>\n\n\n\n<figure class=\"wp-block-image aligncenter size-full is-resized\"><img loading=\"lazy\" decoding=\"async\" width=\"2048\" height=\"2048\" src=\"https:\/\/chaimite.pt\/wp-content\/uploads\/2026\/04\/abril-pale-ale-26_1.jpeg\" alt=\"\" class=\"wp-image-1196\" style=\"width:256px;height:auto\" srcset=\"https:\/\/chaimite.pt\/wp-content\/uploads\/2026\/04\/abril-pale-ale-26_1.jpeg 2048w, https:\/\/chaimite.pt\/wp-content\/uploads\/2026\/04\/abril-pale-ale-26_1-300x300.jpeg 300w, https:\/\/chaimite.pt\/wp-content\/uploads\/2026\/04\/abril-pale-ale-26_1-1024x1024.jpeg 1024w, https:\/\/chaimite.pt\/wp-content\/uploads\/2026\/04\/abril-pale-ale-26_1-150x150.jpeg 150w, https:\/\/chaimite.pt\/wp-content\/uploads\/2026\/04\/abril-pale-ale-26_1-768x768.jpeg 768w, https:\/\/chaimite.pt\/wp-content\/uploads\/2026\/04\/abril-pale-ale-26_1-1536x1536.jpeg 1536w\" sizes=\"auto, (max-width: 2048px) 100vw, 2048px\" \/><\/figure>\n\n\n\n<p id=\"wp-block-themeisle-blocks-advanced-heading-3a6c4c43\" class=\"wp-block-themeisle-blocks-advanced-heading wp-block-themeisle-blocks-advanced-heading-3a6c4c43\"><em><strong>CERVEJA ESPECIAL<\/strong><br><strong>ESTILO:<\/strong> PALE ALE<br><strong>TEOR DE \u00c1LCOOL:<\/strong> 5,7%<br><strong>IBU:<\/strong> 25<br><strong>EBC: <\/strong>12<\/em><br><em><em><strong>FORMATO: <\/strong>Lata 33 cl<\/em><\/em><\/p>\n\n\n\n<p><em><strong>DESCRI\u00c7\u00c3O<\/strong><br>A Abril Pale Ale \u00e9 a nossa cerveja que comemora o 25 de abril de 1974, a liberdade e a democracia. <br>Apresenta uma cor que varia entre o dourado e o cobre. No palato \u00e9 leve, com ligeira presen\u00e7a de \u00e9steres, notas picantes e florais. O amargor est\u00e1 presente, mas \u00e9 equilibrado. Tem adi\u00e7\u00e3o de cravos vermelhos.*<\/em><\/p>\n\n\n\n<span id=\"wp-block-themeisle-blocks-advanced-heading-174d6821\" class=\"wp-block-themeisle-blocks-advanced-heading wp-block-themeisle-blocks-advanced-heading-174d6821\"><em>*<a href=\"https:\/\/chaimite.pt\/index.php\/sobre-nos\/#historia\" target=\"_blank\" rel=\"noreferrer noopener\">cultivados pela CHAIMITE<\/a>, sem uso de fungicidas, pesticidas, inseticidas ou herbicidas.<\/em><\/span>\n<\/div>\n\n\n\n<div id=\"wp-block-themeisle-blocks-advanced-column-7edacd65\" class=\"wp-block-themeisle-blocks-advanced-column\">\n<h4 id=\"wp-block-themeisle-blocks-advanced-heading-712591c1\" class=\"wp-block-themeisle-blocks-advanced-heading wp-block-themeisle-blocks-advanced-heading-712591c1\"><strong>SNS Stout &#8211; porque a coisa est\u00e1 preta<\/strong><br> 2026<\/h4>\n\n\n\n<figure class=\"wp-block-image aligncenter size-large is-resized\"><img loading=\"lazy\" decoding=\"async\" width=\"1126\" height=\"1501\" src=\"https:\/\/chaimite.pt\/wp-content\/uploads\/2026\/04\/sns-stout-2026_2-2-edited-1.jpeg\" alt=\"\" class=\"wp-image-1201\" style=\"aspect-ratio:0.7501761934789866;width:223px;height:auto\" srcset=\"https:\/\/chaimite.pt\/wp-content\/uploads\/2026\/04\/sns-stout-2026_2-2-edited-1.jpeg 1126w, https:\/\/chaimite.pt\/wp-content\/uploads\/2026\/04\/sns-stout-2026_2-2-edited-1-225x300.jpeg 225w, https:\/\/chaimite.pt\/wp-content\/uploads\/2026\/04\/sns-stout-2026_2-2-edited-1-768x1024.jpeg 768w\" sizes=\"auto, (max-width: 1126px) 100vw, 1126px\" \/><\/figure>\n\n\n\n<p id=\"wp-block-themeisle-blocks-advanced-heading-11f0b225\" class=\"wp-block-themeisle-blocks-advanced-heading wp-block-themeisle-blocks-advanced-heading-11f0b225\"><em><strong>CERVEJA ESPECIAL<\/strong><br><strong>ESTILO:<\/strong> IRISH DRY STOUT<br><strong>TEOR DE \u00c1LCOOL:<\/strong> 5,4%<br><strong>IBU:<\/strong> 31<br><strong>EBC: <\/strong><\/em>79<br><em><em><strong>FORMATO: <\/strong><em><em>Garrafa<\/em><\/em> 33 cl<\/em><\/em><\/p>\n\n\n\n<p><em><strong>DESCRI\u00c7\u00c3O<\/strong><br>A SNS Stout \u00e9 a nossa cerveja de interven\u00e7\u00e3o na \u00e1rea da sa\u00fade, porque a coisa est\u00e1 preta.<br>Para a SNS Stout convid\u00e1mos o Jo\u00e3o Teixeira, da Cerveja du Mato. Esta Stout apresenta uma cor preta pronunciada. No palato \u00e9 seca e tem bem marcadas notas de malte torrado que lembram caf\u00e9 e chocolate. O amargor est\u00e1 presente, mas \u00e9 equilibrado.<\/em><\/p>\n<\/div>\n<\/div><\/section>\n\n\n\n<div class=\"wp-block-buttons is-content-justification-center is-layout-flex wp-container-core-buttons-is-layout-72caf8c6 wp-block-buttons-is-layout-flex\">\n<div class=\"wp-block-button\"><a class=\"wp-block-button__link has-text-align-left wp-element-button\" href=\"https:\/\/chaimite.pt\/index.php\/onde-estamos\/\">Queres uma CHAIMITE?<\/a><\/div>\n<\/div>\n\n\n\n<div id=\"wp-block-themeisle-blocks-advanced-columns-2591bd2d\" class=\"wp-block-themeisle-blocks-advanced-columns has-3-columns has-desktop-equal-layout has-tablet-equal-layout has-mobile-collapsedRows-layout has-vertical-unset\"><div class=\"wp-block-themeisle-blocks-advanced-columns-overlay\"><\/div><div class=\"innerblocks-wrap\">\n<div id=\"wp-block-themeisle-blocks-advanced-column-5a7c601d\" class=\"wp-block-themeisle-blocks-advanced-column\"><\/div>\n\n\n\n<div id=\"wp-block-themeisle-blocks-advanced-column-fefe8046\" class=\"wp-block-themeisle-blocks-advanced-column\"><\/div>\n\n\n\n<div id=\"wp-block-themeisle-blocks-advanced-column-0f0d0c5d\" class=\"wp-block-themeisle-blocks-advanced-column\"><\/div>\n<\/div><\/div>\n","protected":false},"excerpt":{"rendered":"","protected":false},"author":1,"featured_media":0,"parent":0,"menu_order":0,"comment_status":"open","ping_status":"closed","template":"","meta":{"_themeisle_gutenberg_block_has_review":false,"footnotes":""},"class_list":["post-257","page","type-page","status-publish","hentry"],"_links":{"self":[{"href":"https:\/\/chaimite.pt\/index.php\/wp-json\/wp\/v2\/pages\/257","targetHints":{"allow":["GET"]}}],"collection":[{"href":"https:\/\/chaimite.pt\/index.php\/wp-json\/wp\/v2\/pages"}],"about":[{"href":"https:\/\/chaimite.pt\/index.php\/wp-json\/wp\/v2\/types\/page"}],"author":[{"embeddable":true,"href":"https:\/\/chaimite.pt\/index.php\/wp-json\/wp\/v2\/users\/1"}],"replies":[{"embeddable":true,"href":"https:\/\/chaimite.pt\/index.php\/wp-json\/wp\/v2\/comments?post=257"}],"version-history":[{"count":50,"href":"https:\/\/chaimite.pt\/index.php\/wp-json\/wp\/v2\/pages\/257\/revisions"}],"predecessor-version":[{"id":1209,"href":"https:\/\/chaimite.pt\/index.php\/wp-json\/wp\/v2\/pages\/257\/revisions\/1209"}],"wp:attachment":[{"href":"https:\/\/chaimite.pt\/index.php\/wp-json\/wp\/v2\/media?parent=257"}],"curies":[{"name":"wp","href":"https:\/\/api.w.org\/{rel}","templated":true}]}}